{"id":404,"date":"2025-11-10T17:21:19","date_gmt":"2025-11-10T17:21:19","guid":{"rendered":"https:\/\/ducraylenoir-intl.com\/contactez-nous\/"},"modified":"2026-04-01T07:11:04","modified_gmt":"2026-04-01T07:11:04","slug":"contactez-nous","status":"publish","type":"page","link":"https:\/\/ducraylenoir-intl.com\/fr\/contactez-nous\/","title":{"rendered":"Contactez-nous"},"content":{"rendered":"\t\t<div data-elementor-type=\"wp-page\" data-elementor-id=\"404\" class=\"elementor elementor-404 elementor-20\" data-elementor-post-type=\"page\">\n\t\t\t\t<div class=\"elementor-element elementor-element-a0c9da5 e-flex e-con-boxed e-con e-parent\" data-id=\"a0c9da5\" data-element_type=\"container\" data-e-type=\"container\" data-settings=\"{&quot;background_background&quot;:&quot;classic&quot;}\">\n\t\t\t\t\t<div class=\"e-con-inner\">\n\t\t\t\t<div class=\"elementor-element elementor-element-b36388c elementor-widget elementor-widget-heading\" data-id=\"b36388c\" data-element_type=\"widget\" data-e-type=\"widget\" data-widget_type=\"heading.default\">\n\t\t\t\t\t<h2 class=\"elementor-heading-title elementor-size-default\">Entrer en contact<\/h2>\t\t\t\t<\/div>\n\t\t\t\t\t<\/div>\n\t\t\t\t<\/div>\n\t\t<div class=\"elementor-element elementor-element-c7d6dda e-flex e-con-boxed e-con e-parent\" data-id=\"c7d6dda\" data-element_type=\"container\" data-e-type=\"container\">\n\t\t\t\t\t<div class=\"e-con-inner\">\n\t\t<div class=\"elementor-element elementor-element-53b8b48 e-con-full e-flex e-con e-child\" data-id=\"53b8b48\" data-element_type=\"container\" data-e-type=\"container\">\n\t\t<div class=\"elementor-element elementor-element-7ad5ace e-con-full e-flex e-con e-child\" data-id=\"7ad5ace\" data-element_type=\"container\" data-e-type=\"container\" data-settings=\"{&quot;background_background&quot;:&quot;classic&quot;}\">\n\t\t\t\t<div class=\"elementor-element elementor-element-51fc3f6 elementor-widget elementor-widget-heading\" data-id=\"51fc3f6\" data-element_type=\"widget\" data-e-type=\"widget\" data-widget_type=\"heading.default\">\n\t\t\t\t\t<h2 class=\"elementor-heading-title elementor-size-default\">Patients<\/h2>\t\t\t\t<\/div>\n\t\t\t\t<div class=\"elementor-element elementor-element-0a176ab elementor-widget elementor-widget-text-editor\" data-id=\"0a176ab\" data-element_type=\"widget\" data-e-type=\"widget\" data-widget_type=\"text-editor.default\">\n\t\t\t\t\t\t\t\t\t<p>Si vous avez une question sp\u00e9cifique concernant une condition m\u00e9dicale, une aire th\u00e9rapeutique ou l\u2019un de nos produits, veuillez consulter votre professionnel de sant\u00e9 local.<\/p>\t\t\t\t\t\t\t\t<\/div>\n\t\t\t\t<div class=\"elementor-element elementor-element-3e1ee68 elementor-widget elementor-widget-heading\" data-id=\"3e1ee68\" data-element_type=\"widget\" data-e-type=\"widget\" data-widget_type=\"heading.default\">\n\t\t\t\t\t<h2 class=\"elementor-heading-title elementor-size-default\">Professionnels de sant\u00e9<\/h2>\t\t\t\t<\/div>\n\t\t\t\t<div class=\"elementor-element elementor-element-2dde724 elementor-widget elementor-widget-text-editor\" data-id=\"2dde724\" data-element_type=\"widget\" data-e-type=\"widget\" data-widget_type=\"text-editor.default\">\n\t\t\t\t\t\t\t\t\t<p>Informations m\u00e9dicales et d\u00e9claration d\u2019effets ind\u00e9sirables<\/p><p>Si vous avez une question relative \u00e0 un traitement ou toute pr\u00e9occupation concernant nos produits, veuillez contacter notre bureau. <br><\/p>\t\t\t\t\t\t\t\t<\/div>\n\t\t\t\t<div class=\"elementor-element elementor-element-aed9c82 elementor-widget elementor-widget-heading\" data-id=\"aed9c82\" data-element_type=\"widget\" data-e-type=\"widget\" data-widget_type=\"heading.default\">\n\t\t\t\t\t<h2 class=\"elementor-heading-title elementor-size-default\">D\u00e9claration d\u2019effets ind\u00e9sirables<\/h2>\t\t\t\t<\/div>\n\t\t\t\t<div class=\"elementor-element elementor-element-6805e33 elementor-widget elementor-widget-text-editor\" data-id=\"6805e33\" data-element_type=\"widget\" data-e-type=\"widget\" data-widget_type=\"text-editor.default\">\n\t\t\t\t\t\t\t\t\t<p>Pour signaler un effet ind\u00e9sirable, veuillez nous contacter \u00e0 :<\/p>\t\t\t\t\t\t\t\t<\/div>\n\t\t\t\t<div class=\"elementor-element elementor-element-2dbcaaa elementor-icon-list--layout-traditional elementor-list-item-link-full_width elementor-widget elementor-widget-icon-list\" data-id=\"2dbcaaa\" data-element_type=\"widget\" data-e-type=\"widget\" data-widget_type=\"icon-list.default\">\n\t\t\t\t\t\t\t<ul class=\"elementor-icon-list-items\">\n\t\t\t\t\t\t\t<li class=\"elementor-icon-list-item\">\n\t\t\t\t\t\t\t\t\t\t\t<span class=\"elementor-icon-list-icon\">\n\t\t\t\t\t\t\t<svg xmlns=\"http:\/\/www.w3.org\/2000\/svg\" width=\"25\" height=\"25\" viewBox=\"0 0 25 25\" fill=\"none\"><path fill-rule=\"evenodd\" clip-rule=\"evenodd\" d=\"M2.94605 0.798667C3.21945 0.525681 3.54774 0.313914 3.90917 0.177401C4.2706 0.0408884 4.65692 -0.0172538 5.04252 0.00682778C5.42812 0.0309094 5.8042 0.136665 6.14583 0.317086C6.48747 0.497507 6.78686 0.748473 7.02417 1.05335L9.82886 4.65648C10.3429 5.31742 10.5242 6.17835 10.321 6.99085L9.46636 10.4127C9.42248 10.59 9.42502 10.7755 9.47374 10.9515C9.52245 11.1275 9.6157 11.288 9.74449 11.4174L13.5835 15.2565C13.7132 15.3855 13.8739 15.4789 14.0502 15.5277C14.2264 15.5764 14.4123 15.5788 14.5898 15.5346L18.0101 14.6799C18.4111 14.5802 18.8295 14.5728 19.2338 14.658C19.6381 14.7432 20.0179 14.919 20.3445 15.1721L23.9476 17.9752C25.2429 18.983 25.3617 20.8971 24.2023 22.0549L22.5867 23.6705C21.4304 24.8268 19.7023 25.3346 18.0914 24.7674C13.9674 23.3183 10.2235 20.9577 7.13824 17.8612C4.04194 14.7764 1.68129 11.033 0.231986 6.9096C-0.333639 5.30023 0.174173 3.57054 1.33042 2.41429L2.94605 0.798667Z\" fill=\"#00345E\"><\/path><\/svg>\t\t\t\t\t\t<\/span>\n\t\t\t\t\t\t\t\t\t\t<span class=\"elementor-icon-list-text\">+230 202 77 00<\/span>\n\t\t\t\t\t\t\t\t\t<\/li>\n\t\t\t\t\t\t\t\t<li class=\"elementor-icon-list-item\">\n\t\t\t\t\t\t\t\t\t\t\t<span class=\"elementor-icon-list-icon\">\n\t\t\t\t\t\t\t<svg xmlns=\"http:\/\/www.w3.org\/2000\/svg\" width=\"26\" height=\"26\" viewBox=\"0 0 26 26\" fill=\"none\"><path d=\"M7.32723 0C6.49439 0 5.69566 0.330842 5.10675 0.919745C4.51784 1.50865 4.18699 2.30737 4.18699 3.1402V8.37388C3.07653 8.37388 2.01155 8.815 1.22634 9.6002C0.441128 10.3854 0 11.4504 0 12.5608V21.9814C0 22.8143 0.330846 23.613 0.919756 24.2019C1.50867 24.7908 2.3074 25.1216 3.14024 25.1216H15.7012C15.0218 24.2157 14.6545 23.1138 14.6545 21.9814V11.5141C14.6545 10.3355 15.0439 9.24895 15.7012 8.37388H6.28049V3.1402C6.28049 2.86259 6.39077 2.59635 6.58707 2.40005C6.78338 2.20375 7.04962 2.09347 7.32723 2.09347H17.7947C18.0723 2.09347 18.3386 2.20375 18.5349 2.40005C18.7312 2.59635 18.8415 2.86259 18.8415 3.1402V6.38508C19.1806 6.3153 19.5295 6.28041 19.8882 6.28041H20.935V3.1402C20.935 2.30737 20.6041 1.50865 20.0152 0.919745C19.4263 0.330842 18.6276 0 17.7947 0H7.32723ZM5.23374 14.6543C4.95612 14.6543 4.68988 14.544 4.49358 14.3477C4.29727 14.1514 4.18699 13.8852 4.18699 13.6076C4.18699 13.3299 4.29727 13.0637 4.49358 12.8674C4.68988 12.6711 4.95612 12.5608 5.23374 12.5608C5.51135 12.5608 5.7776 12.6711 5.9739 12.8674C6.1702 13.0637 6.28049 13.3299 6.28049 13.6076C6.28049 13.8852 6.1702 14.1514 5.9739 14.3477C5.7776 14.544 5.51135 14.6543 5.23374 14.6543ZM5.23374 18.8412C4.95612 18.8412 4.68988 18.7309 4.49358 18.5346C4.29727 18.3383 4.18699 18.0721 4.18699 17.7945C4.18699 17.5169 4.29727 17.2506 4.49358 17.0543C4.68988 16.858 4.95612 16.7478 5.23374 16.7478C5.51135 16.7478 5.7776 16.858 5.9739 17.0543C6.1702 17.2506 6.28049 17.5169 6.28049 17.7945C6.28049 18.0721 6.1702 18.3383 5.9739 18.5346C5.7776 18.7309 5.51135 18.8412 5.23374 18.8412ZM10.4675 13.6076C10.4675 13.8852 10.3572 14.1514 10.1609 14.3477C9.96459 14.544 9.69835 14.6543 9.42073 14.6543C9.14312 14.6543 8.87687 14.544 8.68057 14.3477C8.48426 14.1514 8.37398 13.8852 8.37398 13.6076C8.37398 13.3299 8.48426 13.0637 8.68057 12.8674C8.87687 12.6711 9.14312 12.5608 9.42073 12.5608C9.69835 12.5608 9.96459 12.6711 10.1609 12.8674C10.3572 13.0637 10.4675 13.3299 10.4675 13.6076ZM9.42073 18.8412C9.14312 18.8412 8.87687 18.7309 8.68057 18.5346C8.48426 18.3383 8.37398 18.0721 8.37398 17.7945C8.37398 17.5169 8.48426 17.2506 8.68057 17.0543C8.87687 16.858 9.14312 16.7478 9.42073 16.7478C9.69835 16.7478 9.96459 16.858 10.1609 17.0543C10.3572 17.2506 10.4675 17.5169 10.4675 17.7945C10.4675 18.0721 10.3572 18.3383 10.1609 18.5346C9.96459 18.7309 9.69835 18.8412 9.42073 18.8412ZM16.748 11.5141C16.748 10.6812 17.0788 9.88252 17.6677 9.29362C18.2566 8.70472 19.0554 8.37388 19.8882 8.37388H21.9817C22.8145 8.37388 23.6133 8.70472 24.2022 9.29362C24.7911 9.88252 25.1219 10.6812 25.1219 11.5141V21.9814C25.1219 22.8143 24.7911 23.613 24.2022 24.2019C23.6133 24.7908 22.8145 25.1216 21.9817 25.1216H19.8882C19.0554 25.1216 18.2566 24.7908 17.6677 24.2019C17.0788 23.613 16.748 22.8143 16.748 21.9814V11.5141Z\" fill=\"#00345E\"><\/path><\/svg>\t\t\t\t\t\t<\/span>\n\t\t\t\t\t\t\t\t\t\t<span class=\"elementor-icon-list-text\">(FAX) +230 202 77 01<\/span>\n\t\t\t\t\t\t\t\t\t<\/li>\n\t\t\t\t\t\t\t\t<li class=\"elementor-icon-list-item\">\n\t\t\t\t\t\t\t\t\t\t\t<span class=\"elementor-icon-list-icon\">\n\t\t\t\t\t\t\t<svg xmlns=\"http:\/\/www.w3.org\/2000\/svg\" width=\"25\" height=\"20\" viewBox=\"0 0 25 20\" fill=\"none\"><path d=\"M22.5 0H2.5C1.125 0 0.0125 1.125 0.0125 2.5L0 17.5C0 18.875 1.125 20 2.5 20H22.5C23.875 20 25 18.875 25 17.5V2.5C25 1.125 23.875 0 22.5 0ZM22.5 5L12.5 11.25L2.5 5V2.5L12.5 8.75L22.5 2.5V5Z\" fill=\"#00345E\"><\/path><\/svg>\t\t\t\t\t\t<\/span>\n\t\t\t\t\t\t\t\t\t\t<span class=\"elementor-icon-list-text\">international@ducray-lenoir.com<\/span>\n\t\t\t\t\t\t\t\t\t<\/li>\n\t\t\t\t\t\t\t\t<li class=\"elementor-icon-list-item\">\n\t\t\t\t\t\t\t\t\t\t\t<span class=\"elementor-icon-list-icon\">\n\t\t\t\t\t\t\t<svg xmlns=\"http:\/\/www.w3.org\/2000\/svg\" width=\"26\" height=\"29\" viewBox=\"0 0 26 29\" fill=\"none\"><path d=\"M12.5609 0C15.8923 0 19.0872 1.32338 21.4428 3.679C23.7984 6.03462 25.1218 9.22953 25.1218 12.5609C25.1218 16.8511 22.7827 20.3626 20.318 22.8818C19.0865 24.1268 17.7429 25.2555 16.3041 26.2537L15.7095 26.6584L15.4304 26.844L14.9042 27.179L14.4353 27.4651L13.8547 27.8028C13.4606 28.0278 13.0147 28.1461 12.5609 28.1461C12.1071 28.1461 11.6612 28.0278 11.2671 27.8028L10.6865 27.4651L9.9608 27.0185L9.69283 26.844L9.12061 26.463C7.56841 25.4128 6.12261 24.2133 4.80385 22.8818C2.33912 20.3612 0 16.8511 0 12.5609C0 9.22953 1.32338 6.03462 3.679 3.679C6.03463 1.32338 9.22955 0 12.5609 0ZM12.5609 8.37392C12.0111 8.37392 11.4666 8.48222 10.9586 8.69264C10.4506 8.90305 9.98907 9.21146 9.60027 9.60026C9.21147 9.98905 8.90306 10.4506 8.69265 10.9586C8.48223 11.4666 8.37394 12.011 8.37394 12.5609C8.37394 13.1107 8.48223 13.6552 8.69265 14.1632C8.90306 14.6712 9.21147 15.1327 9.60027 15.5215C9.98907 15.9103 10.4506 16.2187 10.9586 16.4291C11.4666 16.6396 12.0111 16.7478 12.5609 16.7478C13.6714 16.7478 14.7363 16.3067 15.5215 15.5215C16.3067 14.7363 16.7479 13.6713 16.7479 12.5609C16.7479 11.4504 16.3067 10.3855 15.5215 9.60026C14.7363 8.81505 13.6714 8.37392 12.5609 8.37392Z\" fill=\"#00345E\"><\/path><\/svg>\t\t\t\t\t\t<\/span>\n\t\t\t\t\t\t\t\t\t\t<span class=\"elementor-icon-list-text\">19, Poivre Street, Port-Louis, Mauritius<\/span>\n\t\t\t\t\t\t\t\t\t<\/li>\n\t\t\t\t\t\t<\/ul>\n\t\t\t\t\t\t<\/div>\n\t\t\t\t<\/div>\n\t\t<div class=\"elementor-element elementor-element-2026f2f e-con-full e-flex e-con e-child\" data-id=\"2026f2f\" data-element_type=\"container\" data-e-type=\"container\">\n\t\t\t\t<div class=\"elementor-element elementor-element-3d6b8e5 elementor-button-align-end elementor-widget elementor-widget-form\" data-id=\"3d6b8e5\" data-element_type=\"widget\" data-e-type=\"widget\" data-settings=\"{&quot;step_next_label&quot;:&quot;Next&quot;,&quot;step_previous_label&quot;:&quot;Previous&quot;,&quot;step_type&quot;:&quot;number_text&quot;,&quot;step_icon_shape&quot;:&quot;circle&quot;}\" data-widget_type=\"form.default\">\n\t\t\t\t\t\t\t<form class=\"elementor-form\" method=\"post\" name=\"New Form\" aria-label=\"New Form\">\n\t\t\t<input type=\"hidden\" name=\"post_id\" value=\"404\"\/>\n\t\t\t<input type=\"hidden\" name=\"form_id\" value=\"3d6b8e5\"\/>\n\t\t\t<input type=\"hidden\" name=\"referer_title\" value=\"Contactez-nous\" \/>\n\n\t\t\t\t\t\t\t<input type=\"hidden\" name=\"queried_id\" value=\"404\"\/>\n\t\t\t\n\t\t\t<div class=\"elementor-form-fields-wrapper elementor-labels-above\">\n\t\t\t\t\t\t\t\t<div class=\"elementor-field-type-text elementor-field-group elementor-column elementor-field-group-firstname elementor-col-50 elementor-field-required elementor-mark-required\">\n\t\t\t\t\t\t\t\t\t\t\t\t<label for=\"form-field-firstname\" class=\"elementor-field-label\">\n\t\t\t\t\t\t\t\tPr\u00e9nom\t\t\t\t\t\t\t<\/label>\n\t\t\t\t\t\t\t\t\t\t\t\t\t\t<input size=\"1\" type=\"text\" name=\"form_fields[firstname]\" id=\"form-field-firstname\" class=\"elementor-field elementor-size-sm  elementor-field-textual\" required=\"required\">\n\t\t\t\t\t\t\t\t\t\t\t<\/div>\n\t\t\t\t\t\t\t\t<div class=\"elementor-field-type-text elementor-field-group elementor-column elementor-field-group-lastname elementor-col-50 elementor-field-required elementor-mark-required\">\n\t\t\t\t\t\t\t\t\t\t\t\t<label for=\"form-field-lastname\" class=\"elementor-field-label\">\n\t\t\t\t\t\t\t\tNom de famille\t\t\t\t\t\t\t<\/label>\n\t\t\t\t\t\t\t\t\t\t\t\t\t\t<input size=\"1\" type=\"text\" name=\"form_fields[lastname]\" id=\"form-field-lastname\" class=\"elementor-field elementor-size-sm  elementor-field-textual\" required=\"required\">\n\t\t\t\t\t\t\t\t\t\t\t<\/div>\n\t\t\t\t\t\t\t\t<div class=\"elementor-field-type-email elementor-field-group elementor-column elementor-field-group-email elementor-col-100 elementor-field-required elementor-mark-required\">\n\t\t\t\t\t\t\t\t\t\t\t\t<label for=\"form-field-email\" class=\"elementor-field-label\">\n\t\t\t\t\t\t\t\tE-mail\t\t\t\t\t\t\t<\/label>\n\t\t\t\t\t\t\t\t\t\t\t\t\t\t<input size=\"1\" type=\"email\" name=\"form_fields[email]\" id=\"form-field-email\" class=\"elementor-field elementor-size-sm  elementor-field-textual\" required=\"required\">\n\t\t\t\t\t\t\t\t\t\t\t<\/div>\n\t\t\t\t\t\t\t\t<div class=\"elementor-field-type-text elementor-field-group elementor-column elementor-field-group-address elementor-col-100 elementor-field-required elementor-mark-required\">\n\t\t\t\t\t\t\t\t\t\t\t\t<label for=\"form-field-address\" class=\"elementor-field-label\">\n\t\t\t\t\t\t\t\tAdresse\t\t\t\t\t\t\t<\/label>\n\t\t\t\t\t\t\t\t\t\t\t\t\t\t<input size=\"1\" type=\"text\" name=\"form_fields[address]\" id=\"form-field-address\" class=\"elementor-field elementor-size-sm  elementor-field-textual\" required=\"required\">\n\t\t\t\t\t\t\t\t\t\t\t<\/div>\n\t\t\t\t\t\t\t\t<div class=\"elementor-field-type-select elementor-field-group elementor-column elementor-field-group-field_75b9951 elementor-col-50 elementor-field-required elementor-mark-required\">\n\t\t\t\t\t\t\t\t\t\t\t\t<label for=\"form-field-field_75b9951\" class=\"elementor-field-label\">\n\t\t\t\t\t\t\t\tPays\t\t\t\t\t\t\t<\/label>\n\t\t\t\t\t\t\t\t<div class=\"elementor-field elementor-select-wrapper remove-before \">\n\t\t\t<div class=\"select-caret-down-wrapper\">\n\t\t\t\t<svg aria-hidden=\"true\" class=\"e-font-icon-svg e-eicon-caret-down\" viewBox=\"0 0 571.4 571.4\" xmlns=\"http:\/\/www.w3.org\/2000\/svg\"><path d=\"M571 393Q571 407 561 418L311 668Q300 679 286 679T261 668L11 418Q0 407 0 393T11 368 36 357H536Q550 357 561 368T571 393Z\"><\/path><\/svg>\t\t\t<\/div>\n\t\t\t<select name=\"form_fields[field_75b9951]\" id=\"form-field-field_75b9951\" class=\"elementor-field-textual elementor-size-sm\" required=\"required\">\n\t\t\t\t\t\t\t\t\t<option value=\"Mauritius\">Mauritius<\/option>\n\t\t\t\t\t\t\t\t\t<option value=\"Rodrigues\">Rodrigues<\/option>\n\t\t\t\t\t\t\t\t\t<option value=\"Reunion\">Reunion<\/option>\n\t\t\t\t\t\t\t\t\t<option value=\"Madagascar\">Madagascar<\/option>\n\t\t\t\t\t\t\t<\/select>\n\t\t<\/div>\n\t\t\t\t\t\t<\/div>\n\t\t\t\t\t\t\t\t<div class=\"elementor-field-type-text elementor-field-group elementor-column elementor-field-group-individual elementor-col-50 elementor-field-required elementor-mark-required\">\n\t\t\t\t\t\t\t\t\t\t\t\t<label for=\"form-field-individual\" class=\"elementor-field-label\">\n\t\t\t\t\t\t\t\tParticulier ou entreprise\t\t\t\t\t\t\t<\/label>\n\t\t\t\t\t\t\t\t\t\t\t\t\t\t<input size=\"1\" type=\"text\" name=\"form_fields[individual]\" id=\"form-field-individual\" class=\"elementor-field elementor-size-sm  elementor-field-textual\" required=\"required\">\n\t\t\t\t\t\t\t\t\t\t\t<\/div>\n\t\t\t\t\t\t\t\t<div class=\"elementor-field-type-tel elementor-field-group elementor-column elementor-field-group-field_43b8430 elementor-col-100 elementor-field-required elementor-mark-required\">\n\t\t\t\t\t\t\t\t\t\t\t\t<label for=\"form-field-field_43b8430\" class=\"elementor-field-label\">\n\t\t\t\t\t\t\t\tNum\u00e9ro de contact\t\t\t\t\t\t\t<\/label>\n\t\t\t\t\t\t\t\t<input size=\"1\" type=\"tel\" name=\"form_fields[field_43b8430]\" id=\"form-field-field_43b8430\" class=\"elementor-field elementor-size-sm  elementor-field-textual\" required=\"required\" pattern=\"[0-9()#&amp;+*-=.]+\" title=\"Seuls les caract\u00e8res de num\u00e9ros de t\u00e9l\u00e9phone (#, -, *, etc.) sont accept\u00e9s.\">\n\n\t\t\t\t\t\t<\/div>\n\t\t\t\t\t\t\t\t<div class=\"elementor-field-type-textarea elementor-field-group elementor-column elementor-field-group-message elementor-col-100\">\n\t\t\t\t\t\t\t\t\t\t\t\t<label for=\"form-field-message\" class=\"elementor-field-label\">\n\t\t\t\t\t\t\t\tMessage\t\t\t\t\t\t\t<\/label>\n\t\t\t\t\t\t<textarea class=\"elementor-field-textual elementor-field  elementor-size-sm\" name=\"form_fields[message]\" id=\"form-field-message\" rows=\"3\"><\/textarea>\t\t\t\t<\/div>\n\t\t\t\t\t\t\t\t<div class=\"elementor-field-group elementor-column elementor-field-type-submit elementor-col-100 e-form__buttons\">\n\t\t\t\t\t<button class=\"elementor-button elementor-size-sm\" type=\"submit\">\n\t\t\t\t\t\t<span class=\"elementor-button-content-wrapper\">\n\t\t\t\t\t\t\t\t\t\t\t\t\t\t\t\t\t\t\t\t\t\t<span class=\"elementor-button-text\">Envoyer un message<\/span>\n\t\t\t\t\t\t\t\t\t\t\t\t\t<\/span>\n\t\t\t\t\t<\/button>\n\t\t\t\t<\/div>\n\t\t\t<\/div>\n\t\t<\/form>\n\t\t\t\t\t\t<\/div>\n\t\t\t\t<\/div>\n\t\t\t\t<\/div>\n\t\t\t\t\t<\/div>\n\t\t\t\t<\/div>\n\t\t<div class=\"elementor-element elementor-element-83a5015 e-flex e-con-boxed e-con e-parent\" data-id=\"83a5015\" data-element_type=\"container\" data-e-type=\"container\">\n\t\t\t\t\t<div class=\"e-con-inner\">\n\t\t\t\t<div class=\"elementor-element elementor-element-dc01ba2 elementor-widget elementor-widget-google_maps\" data-id=\"dc01ba2\" data-element_type=\"widget\" data-e-type=\"widget\" data-widget_type=\"google_maps.default\">\n\t\t\t\t\t\t\t<div class=\"elementor-custom-embed\">\n\t\t\t<iframe loading=\"lazy\"\n\t\t\t\t\tsrc=\"https:\/\/maps.google.com\/maps?q=19%2C%20Poivre%20Street%2C%20Port-Louis%2C%20Mauritius&#038;t=m&#038;z=12&#038;output=embed&#038;iwloc=near\"\n\t\t\t\t\ttitle=\"19, Poivre Street, Port-Louis, Mauritius\"\n\t\t\t\t\taria-label=\"19, Poivre Street, Port-Louis, Mauritius\"\n\t\t\t><\/iframe>\n\t\t<\/div>\n\t\t\t\t\t\t<\/div>\n\t\t\t\t\t<\/div>\n\t\t\t\t<\/div>\n\t\t\t\t<\/div>\n\t\t","protected":false},"excerpt":{"rendered":"<p>Entrer en contact Patients Si vous avez une question sp\u00e9cifique concernant une condition m\u00e9dicale, une aire th\u00e9rapeutique ou l\u2019un de nos produits, veuillez consulter votre professionnel de sant\u00e9 local. Professionnels de sant\u00e9 Informations m\u00e9dicales et d\u00e9claration d\u2019effets ind\u00e9sirables Si vous avez une question relative \u00e0 un traitement ou toute pr\u00e9occupation concernant nos produits, veuillez contacter [&hellip;]<\/p>\n","protected":false},"author":1,"featured_media":0,"parent":0,"menu_order":0,"comment_status":"closed","ping_status":"closed","template":"","meta":{"_acf_changed":false,"inline_featured_image":false,"footnotes":""},"class_list":["post-404","page","type-page","status-publish","hentry"],"acf":[],"_links":{"self":[{"href":"https:\/\/ducraylenoir-intl.com\/fr\/wp-json\/wp\/v2\/pages\/404","targetHints":{"allow":["GET"]}}],"collection":[{"href":"https:\/\/ducraylenoir-intl.com\/fr\/wp-json\/wp\/v2\/pages"}],"about":[{"href":"https:\/\/ducraylenoir-intl.com\/fr\/wp-json\/wp\/v2\/types\/page"}],"author":[{"embeddable":true,"href":"https:\/\/ducraylenoir-intl.com\/fr\/wp-json\/wp\/v2\/users\/1"}],"replies":[{"embeddable":true,"href":"https:\/\/ducraylenoir-intl.com\/fr\/wp-json\/wp\/v2\/comments?post=404"}],"version-history":[{"count":1,"href":"https:\/\/ducraylenoir-intl.com\/fr\/wp-json\/wp\/v2\/pages\/404\/revisions"}],"predecessor-version":[{"id":409,"href":"https:\/\/ducraylenoir-intl.com\/fr\/wp-json\/wp\/v2\/pages\/404\/revisions\/409"}],"wp:attachment":[{"href":"https:\/\/ducraylenoir-intl.com\/fr\/wp-json\/wp\/v2\/media?parent=404"}],"curies":[{"name":"wp","href":"https:\/\/api.w.org\/{rel}","templated":true}]}}